{"id":994,"date":"2020-02-09T22:10:00","date_gmt":"2020-02-09T21:10:00","guid":{"rendered":"http:\/\/atelier-laurent.fr\/?page_id=994"},"modified":"2020-02-09T23:12:07","modified_gmt":"2020-02-09T22:12:07","slug":"reparation-chaussons-descalade","status":"publish","type":"page","link":"https:\/\/atelier-laurent.fr\/?page_id=994","title":{"rendered":"R\u00e9paration chaussons d&rsquo;escalade"},"content":{"rendered":"<p>[et_pb_section fb_built=\u00a0\u00bb1&Prime; _builder_version=\u00a0\u00bb4.3.2&Prime;][et_pb_row _builder_version=\u00a0\u00bb4.3.2&Prime; column_structure=\u00a0\u00bb1_2,1_2&Prime;][et_pb_column _builder_version=\u00a0\u00bb4.3.2&Prime; type=\u00a0\u00bb1_2&Prime;][et_pb_text _builder_version=\u00a0\u00bb4.3.2&Prime; hover_enabled=\u00a0\u00bb0&Prime;]<\/p>\n<h3 style=\"text-align: center;\">Quand r\u00e9parer vos chaussons ?<\/h3>\n<p>[\/et_pb_text][\/et_pb_column][et_pb_column _builder_version=\u00a0\u00bb4.3.2&Prime; type=\u00a0\u00bb1_2&Prime;][et_pb_image src=\u00a0\u00bbdata:image\/svg+xml;base64,PHN2ZyB3aWR0aD0iMTA4MCIgaGVpZ2h0PSI1NDAiIHZpZXdCb3g9IjAgMCAxMDgwIDU0MCIgeG1sbnM9Imh0dHA6Ly93d3cudzMub3JnLzIwMDAvc3ZnIj4KICAgIDxnIGZpbGw9Im5vbmUiIGZpbGwtcnVsZT0iZXZlbm9kZCI+CiAgICAgICAgPHBhdGggZmlsbD0iI0VCRUJFQiIgZD0iTTAgMGgxMDgwdjU0MEgweiIvPgogICAgICAgIDxwYXRoIGQ9Ik00NDUuNjQ5IDU0MGgtOTguOTk1TDE0NC42NDkgMzM3Ljk5NSAwIDQ4Mi42NDR2LTk4Ljk5NWwxMTYuMzY1LTExNi4zNjVjMTUuNjItMTUuNjIgNDAuOTQ3LTE1LjYyIDU2LjU2OCAwTDQ0NS42NSA1NDB6IiBmaWxsLW9wYWNpdHk9Ii4xIiBmaWxsPSIjMDAwIiBmaWxsLXJ1bGU9Im5vbnplcm8iLz4KICAgICAgICA8Y2lyY2xlIGZpbGwtb3BhY2l0eT0iLjA1IiBmaWxsPSIjMDAwIiBjeD0iMzMxIiBjeT0iMTQ4IiByPSI3MCIvPgogICAgICAgIDxwYXRoIGQ9Ik0xMDgwIDM3OXYxMTMuMTM3TDcyOC4xNjIgMTQwLjMgMzI4LjQ2MiA1NDBIMjE1LjMyNEw2OTkuODc4IDU1LjQ0NmMxNS42Mi0xNS42MiA0MC45NDgtMTUuNjIgNTYuNTY4IDBMMTA4MCAzNzl6IiBmaWxsLW9wYWNpdHk9Ii4yIiBmaWxsPSIjMDAwIiBmaWxsLXJ1bGU9Im5vbnplcm8iLz4KICAgIDwvZz4KPC9zdmc+Cg==\u00a0\u00bb _builder_version=\u00a0\u00bb4.3.2&Prime; hover_enabled=\u00a0\u00bb0&Prime;][\/et_pb_image][\/et_pb_column][\/et_pb_row][\/et_pb_section][et_pb_section fb_built=\u00a0\u00bb1&Prime; _builder_version=\u00a0\u00bb4.3.2&Prime; background_color=\u00a0\u00bb#feec34&Prime; custom_padding=\u00a0\u00bb18px|||||\u00a0\u00bb hover_enabled=\u00a0\u00bb0&Prime;][et_pb_row _builder_version=\u00a0\u00bb4.3.2&Prime; min_height=\u00a0\u00bb103px\u00a0\u00bb hover_enabled=\u00a0\u00bb0&Prime; custom_margin=\u00a0\u00bb55px|auto||auto||\u00a0\u00bb][et_pb_column type=\u00a0\u00bb4_4&Prime; _builder_version=\u00a0\u00bb4.3.2&Prime;][et_pb_text _builder_version=\u00a0\u00bb4.3.2&Prime; custom_margin=\u00a0\u00bb||17px|||\u00a0\u00bb hover_enabled=\u00a0\u00bb0&Prime;]<\/p>\n<h3 style=\"text-align: center;\">Quelle r\u00e9paration pour vos chaussons ?<\/h3>\n<p>[\/et_pb_text][et_pb_divider divider_weight=\u00a0\u00bb2px\u00a0\u00bb _builder_version=\u00a0\u00bb4.3.2&Prime; width=\u00a0\u00bb11%\u00a0\u00bb module_alignment=\u00a0\u00bbcenter\u00a0\u00bb][\/et_pb_divider][\/et_pb_column][\/et_pb_row][et_pb_row column_structure=\u00a0\u00bb1_3,1_3,1_3&Prime; _builder_version=\u00a0\u00bb4.3.2&Prime;][et_pb_column type=\u00a0\u00bb1_3&Prime; _builder_version=\u00a0\u00bb4.3.2&Prime;][et_pb_text _builder_version=\u00a0\u00bb4.3.2&Prime;]<\/p>\n<h5 style=\"text-align: center;\">RESSEMELAGE CLASSIQUE<\/h5>\n<p>[\/et_pb_text][\/et_pb_column][et_pb_column type=\u00a0\u00bb1_3&Prime; _builder_version=\u00a0\u00bb4.3.2&Prime;][et_pb_text _builder_version=\u00a0\u00bb4.3.2&Prime;]<\/p>\n<h5 style=\"text-align: center;\">L&rsquo;ENROBAGE<\/h5>\n<p>[\/et_pb_text][\/et_pb_column][et_pb_column type=\u00a0\u00bb1_3&Prime; _builder_version=\u00a0\u00bb4.3.2&Prime;][et_pb_text _builder_version=\u00a0\u00bb4.3.2&Prime;]<\/p>\n<h5 style=\"text-align: center;\">RESSEMELAGE NO EDGE<\/h5>\n<p>[\/et_pb_text][\/et_pb_column][\/et_pb_row][\/et_pb_section][et_pb_section fb_built=\u00a0\u00bb1&Prime; _builder_version=\u00a0\u00bb4.3.2&Prime; background_color=\u00a0\u00bbrgba(0,0,0,0.03)\u00a0\u00bb custom_padding=\u00a0\u00bb27px|||||\u00a0\u00bb][et_pb_row _builder_version=\u00a0\u00bb4.3.2&Prime; min_height=\u00a0\u00bb103px\u00a0\u00bb][et_pb_column type=\u00a0\u00bb4_4&Prime; _builder_version=\u00a0\u00bb4.3.2&Prime;][et_pb_text _builder_version=\u00a0\u00bb4.3.2&Prime; custom_margin=\u00a0\u00bb||17px|||\u00a0\u00bb]<\/p>\n<h3 style=\"text-align: center;\">Quelle gomme choisir ?<\/h3>\n<p>[\/et_pb_text][et_pb_divider divider_weight=\u00a0\u00bb2px\u00a0\u00bb _builder_version=\u00a0\u00bb4.3.2&Prime; width=\u00a0\u00bb11%\u00a0\u00bb module_alignment=\u00a0\u00bbcenter\u00a0\u00bb][\/et_pb_divider][\/et_pb_column][\/et_pb_row][et_pb_row column_structure=\u00a0\u00bb1_4,1_4,1_4,1_4&Prime; _builder_version=\u00a0\u00bb4.3.2&Prime;][et_pb_column type=\u00a0\u00bb1_4&Prime; _builder_version=\u00a0\u00bb4.3.2&Prime;][\/et_pb_column][et_pb_column type=\u00a0\u00bb1_4&Prime; _builder_version=\u00a0\u00bb4.3.2&Prime;][\/et_pb_column][et_pb_column type=\u00a0\u00bb1_4&Prime; _builder_version=\u00a0\u00bb4.3.2&Prime;][\/et_pb_column][et_pb_column type=\u00a0\u00bb1_4&Prime; _builder_version=\u00a0\u00bb4.3.2&Prime;][\/et_pb_column][\/et_pb_row][et_pb_row _builder_version=\u00a0\u00bb4.3.2&Prime; custom_padding=\u00a0\u00bb8px|||||\u00a0\u00bb][et_pb_column type=\u00a0\u00bb4_4&Prime; _builder_version=\u00a0\u00bb4.3.2&Prime;][et_pb_button button_text=\u00a0\u00bbVoir les tarifs\u00a0\u00bb button_alignment=\u00a0\u00bbcenter\u00a0\u00bb _builder_version=\u00a0\u00bb4.3.2&Prime; custom_button=\u00a0\u00bbon\u00a0\u00bb button_text_size=\u00a0\u00bb17px\u00a0\u00bb][\/et_pb_button][\/et_pb_column][\/et_pb_row][\/et_pb_section][et_pb_section fb_built=\u00a0\u00bb1&Prime; _builder_version=\u00a0\u00bb4.3.2&Prime;][\/et_pb_section]<\/p>\n","protected":false},"excerpt":{"rendered":"<p>Quand r\u00e9parer vos chaussons ? Quelle r\u00e9paration pour vos chaussons ? RESSEMELAGE CLASSIQUEL&rsquo;ENROBAGERESSEMELAGE NO EDGEQuelle gomme choisir ?<\/p>\n","protected":false},"author":1,"featured_media":0,"parent":0,"menu_order":0,"comment_status":"closed","ping_status":"closed","template":"","meta":{"_et_pb_use_builder":"on","_et_pb_old_content":"","_et_gb_content_width":"","footnotes":""},"class_list":["post-994","page","type-page","status-publish","hentry"],"yoast_head":"<!-- This site is optimized with the Yoast SEO plugin v25.9 - https:\/\/yoast.com\/wordpress\/plugins\/seo\/ -->\n<title>R\u00e9paration chaussons d&#039;escalade - Atelier Laurent<\/title>\n<meta name=\"robots\" content=\"index, follow, max-snippet:-1, max-image-preview:large, max-video-preview:-1\" \/>\n<link rel=\"canonical\" href=\"https:\/\/atelier-laurent.fr\/?page_id=994\" \/>\n<meta property=\"og:locale\" content=\"fr_FR\" \/>\n<meta property=\"og:type\" content=\"article\" \/>\n<meta property=\"og:title\" content=\"R\u00e9paration chaussons d&#039;escalade - Atelier Laurent\" \/>\n<meta property=\"og:description\" content=\"Quand r\u00e9parer vos chaussons ? Quelle r\u00e9paration pour vos chaussons ? RESSEMELAGE CLASSIQUEL&#039;ENROBAGERESSEMELAGE NO EDGEQuelle gomme choisir ?\" \/>\n<meta property=\"og:url\" content=\"https:\/\/atelier-laurent.fr\/?page_id=994\" \/>\n<meta property=\"og:site_name\" content=\"Atelier Laurent\" \/>\n<meta property=\"article:modified_time\" content=\"2020-02-09T22:12:07+00:00\" \/>\n<meta name=\"twitter:card\" content=\"summary_large_image\" \/>\n<meta name=\"twitter:label1\" content=\"Dur\u00e9e de lecture estim\u00e9e\" \/>\n\t<meta name=\"twitter:data1\" content=\"2 minutes\" \/>\n<script type=\"application\/ld+json\" class=\"yoast-schema-graph\">{\"@context\":\"https:\/\/schema.org\",\"@graph\":[{\"@type\":\"WebPage\",\"@id\":\"https:\/\/atelier-laurent.fr\/?page_id=994\",\"url\":\"https:\/\/atelier-laurent.fr\/?page_id=994\",\"name\":\"R\u00e9paration chaussons d'escalade - Atelier Laurent\",\"isPartOf\":{\"@id\":\"https:\/\/atelier-laurent.fr\/#website\"},\"datePublished\":\"2020-02-09T21:10:00+00:00\",\"dateModified\":\"2020-02-09T22:12:07+00:00\",\"breadcrumb\":{\"@id\":\"https:\/\/atelier-laurent.fr\/?page_id=994#breadcrumb\"},\"inLanguage\":\"fr-FR\",\"potentialAction\":[{\"@type\":\"ReadAction\",\"target\":[\"https:\/\/atelier-laurent.fr\/?page_id=994\"]}]},{\"@type\":\"BreadcrumbList\",\"@id\":\"https:\/\/atelier-laurent.fr\/?page_id=994#breadcrumb\",\"itemListElement\":[{\"@type\":\"ListItem\",\"position\":1,\"name\":\"Accueil\",\"item\":\"https:\/\/atelier-laurent.fr\/\"},{\"@type\":\"ListItem\",\"position\":2,\"name\":\"R\u00e9paration chaussons d&rsquo;escalade\"}]},{\"@type\":\"WebSite\",\"@id\":\"https:\/\/atelier-laurent.fr\/#website\",\"url\":\"https:\/\/atelier-laurent.fr\/\",\"name\":\"Atelier Laurent\",\"description\":\"Fabrication et r\u00e9paration de chaussures, chaussons d&#039;escalade et articles en cuir\",\"potentialAction\":[{\"@type\":\"SearchAction\",\"target\":{\"@type\":\"EntryPoint\",\"urlTemplate\":\"https:\/\/atelier-laurent.fr\/?s={search_term_string}\"},\"query-input\":{\"@type\":\"PropertyValueSpecification\",\"valueRequired\":true,\"valueName\":\"search_term_string\"}}],\"inLanguage\":\"fr-FR\"}]}<\/script>\n<!-- \/ Yoast SEO plugin. -->","yoast_head_json":{"title":"R\u00e9paration chaussons d'escalade - Atelier Laurent","robots":{"index":"index","follow":"follow","max-snippet":"max-snippet:-1","max-image-preview":"max-image-preview:large","max-video-preview":"max-video-preview:-1"},"canonical":"https:\/\/atelier-laurent.fr\/?page_id=994","og_locale":"fr_FR","og_type":"article","og_title":"R\u00e9paration chaussons d'escalade - Atelier Laurent","og_description":"Quand r\u00e9parer vos chaussons ? Quelle r\u00e9paration pour vos chaussons ? RESSEMELAGE CLASSIQUEL'ENROBAGERESSEMELAGE NO EDGEQuelle gomme choisir ?","og_url":"https:\/\/atelier-laurent.fr\/?page_id=994","og_site_name":"Atelier Laurent","article_modified_time":"2020-02-09T22:12:07+00:00","twitter_card":"summary_large_image","twitter_misc":{"Dur\u00e9e de lecture estim\u00e9e":"2 minutes"},"schema":{"@context":"https:\/\/schema.org","@graph":[{"@type":"WebPage","@id":"https:\/\/atelier-laurent.fr\/?page_id=994","url":"https:\/\/atelier-laurent.fr\/?page_id=994","name":"R\u00e9paration chaussons d'escalade - Atelier Laurent","isPartOf":{"@id":"https:\/\/atelier-laurent.fr\/#website"},"datePublished":"2020-02-09T21:10:00+00:00","dateModified":"2020-02-09T22:12:07+00:00","breadcrumb":{"@id":"https:\/\/atelier-laurent.fr\/?page_id=994#breadcrumb"},"inLanguage":"fr-FR","potentialAction":[{"@type":"ReadAction","target":["https:\/\/atelier-laurent.fr\/?page_id=994"]}]},{"@type":"BreadcrumbList","@id":"https:\/\/atelier-laurent.fr\/?page_id=994#breadcrumb","itemListElement":[{"@type":"ListItem","position":1,"name":"Accueil","item":"https:\/\/atelier-laurent.fr\/"},{"@type":"ListItem","position":2,"name":"R\u00e9paration chaussons d&rsquo;escalade"}]},{"@type":"WebSite","@id":"https:\/\/atelier-laurent.fr\/#website","url":"https:\/\/atelier-laurent.fr\/","name":"Atelier Laurent","description":"Fabrication et r\u00e9paration de chaussures, chaussons d&#039;escalade et articles en cuir","potentialAction":[{"@type":"SearchAction","target":{"@type":"EntryPoint","urlTemplate":"https:\/\/atelier-laurent.fr\/?s={search_term_string}"},"query-input":{"@type":"PropertyValueSpecification","valueRequired":true,"valueName":"search_term_string"}}],"inLanguage":"fr-FR"}]}},"jetpack_sharing_enabled":true,"_links":{"self":[{"href":"https:\/\/atelier-laurent.fr\/index.php?rest_route=\/wp\/v2\/pages\/994","targetHints":{"allow":["GET"]}}],"collection":[{"href":"https:\/\/atelier-laurent.fr\/index.php?rest_route=\/wp\/v2\/pages"}],"about":[{"href":"https:\/\/atelier-laurent.fr\/index.php?rest_route=\/wp\/v2\/types\/page"}],"author":[{"embeddable":true,"href":"https:\/\/atelier-laurent.fr\/index.php?rest_route=\/wp\/v2\/users\/1"}],"replies":[{"embeddable":true,"href":"https:\/\/atelier-laurent.fr\/index.php?rest_route=%2Fwp%2Fv2%2Fcomments&post=994"}],"version-history":[{"count":8,"href":"https:\/\/atelier-laurent.fr\/index.php?rest_route=\/wp\/v2\/pages\/994\/revisions"}],"predecessor-version":[{"id":1012,"href":"https:\/\/atelier-laurent.fr\/index.php?rest_route=\/wp\/v2\/pages\/994\/revisions\/1012"}],"wp:attachment":[{"href":"https:\/\/atelier-laurent.fr\/index.php?rest_route=%2Fwp%2Fv2%2Fmedia&parent=994"}],"curies":[{"name":"wp","href":"https:\/\/api.w.org\/{rel}","templated":true}]}}